{"id":163,"date":"2023-01-29T17:01:04","date_gmt":"2023-01-29T16:01:04","guid":{"rendered":"http:\/\/aeronauten.org\/wordpress\/?page_id=163"},"modified":"2025-02-17T01:15:26","modified_gmt":"2025-02-17T00:15:26","slug":"impressum","status":"publish","type":"page","link":"http:\/\/aeronauten.org\/wordpress\/index.php\/impressum\/","title":{"rendered":"impressum"},"content":{"rendered":"\n<p style=\"font-size:14px\">Die Aeronauten-Werkstatt ist ein Projekt des<br>Umwelt-Exploratoriums e.V..<\/p>\n\n\n\n<p style=\"font-size:14px\">Projektverantwortlich:<br>Christoph Blum, Till Hergenhahn <br>mail: anmeldung (at) aeronauten.org<br>home: www.aeronauten.org<\/p>\n\n\n\n<p style=\"font-size:14px\"><strong>Umwelt-Exploratorium e.V.<\/strong>,<br>Vereinsitz: Frankfurt am Main<br>Gesch\u00e4ftsstelle:<br>M\u00f6rfelder Landstr. 70H<br>60598 Frankfurt am Main<br>T. 069 219 295 51<br>mail: info (at) u-x.de<br>home: <a href=\"http:\/\/www.u-x.de\" target=\"_blank\" rel=\"noreferrer noopener\">www.u-x.de<\/a><\/p>\n\n\n\n<p style=\"font-size:14px\">Vertretungsberechtigter Vorstand:<br>Susanne Schiffke (1.Vorsitzende), Stefan Majer (2.Vorsitzender), <br>Uwe Tischer (3.Vorsitzender) Registergericht: Amtsgericht Frankfurt am Main Registernummer: 73 VR 10365 Inhaltlich verantwortlich gem\u00e4\u00df \u00a7 10 Absatz 3 MDStV: Till Hergenhahn<br>Haftungshinweis: Trotz sorgf\u00e4ltiger inhaltlicher Kontrolle \u00fcbernehmen wir keine Haftung f\u00fcr die Inhalte externer Links. F\u00fcr den Inhalt der verlinkten Seiten sind ausschlie\u00dflich deren<br>Betreiber verantwortlich.<\/p>\n\n\n\n<p class=\"has-cyan-bluish-gray-color has-text-color\">&#8212;&#8212;&#8212;&#8212;&#8212;&#8212;&#8212;&#8212;&#8212;&#8212;&#8212;&#8212;&#8212;&#8212;&#8212;&#8212;&#8212;&#8212;&#8212;<\/p>\n\n\n\n<p><\/p>\n\n\n\n<p><\/p>\n\n\n\n<div class=\"wp-block-buttons is-layout-flex wp-block-buttons-is-layout-flex\">\n<div class=\"wp-block-button\"><a class=\"wp-block-button__link wp-element-button\" href=\"http:\/\/aeronauten.org\/wordpress\/index.php\/anfahrt\/\">Anfahrtsskizze<\/a><\/div>\n<\/div>\n","protected":false},"excerpt":{"rendered":"<p>Die Aeronauten-Werkstatt ist ein Projekt desUmwelt-Exploratoriums e.V.. Projektverantwortlich:Christoph Blum, Till Hergenhahn mail: anmeldung (at) aeronauten.orghome: www.aeronauten.org Umwelt-Exploratorium e.V.,Vereinsitz: Frankfurt am MainGesch\u00e4ftsstelle:M\u00f6rfelder Landstr. 70H60598 Frankfurt am MainT. 069 219 295 51mail: info (at) u-x.dehome: www.u-x.de Vertretungsberechtigter Vorstand:Susanne Schiffke (1.Vorsitzende), Stefan Majer (2.Vorsitzender), Uwe Tischer (3.Vorsitzender) Registergericht: Amtsgericht Frankfurt am Main Registernummer: 73 VR 10365 Inhaltlich verantwortlich [&hellip;]<\/p>\n","protected":false},"author":1,"featured_media":0,"parent":0,"menu_order":0,"comment_status":"closed","ping_status":"closed","template":"","meta":{"footnotes":""},"class_list":["post-163","page","type-page","status-publish","hentry"],"_links":{"self":[{"href":"http:\/\/aeronauten.org\/wordpress\/index.php\/wp-json\/wp\/v2\/pages\/163","targetHints":{"allow":["GET"]}}],"collection":[{"href":"http:\/\/aeronauten.org\/wordpress\/index.php\/wp-json\/wp\/v2\/pages"}],"about":[{"href":"http:\/\/aeronauten.org\/wordpress\/index.php\/wp-json\/wp\/v2\/types\/page"}],"author":[{"embeddable":true,"href":"http:\/\/aeronauten.org\/wordpress\/index.php\/wp-json\/wp\/v2\/users\/1"}],"replies":[{"embeddable":true,"href":"http:\/\/aeronauten.org\/wordpress\/index.php\/wp-json\/wp\/v2\/comments?post=163"}],"version-history":[{"count":21,"href":"http:\/\/aeronauten.org\/wordpress\/index.php\/wp-json\/wp\/v2\/pages\/163\/revisions"}],"predecessor-version":[{"id":1491,"href":"http:\/\/aeronauten.org\/wordpress\/index.php\/wp-json\/wp\/v2\/pages\/163\/revisions\/1491"}],"wp:attachment":[{"href":"http:\/\/aeronauten.org\/wordpress\/index.php\/wp-json\/wp\/v2\/media?parent=163"}],"curies":[{"name":"wp","href":"https:\/\/api.w.org\/{rel}","templated":true}]}}